{"id":543,"date":"2025-08-26T21:31:25","date_gmt":"2025-08-26T21:31:25","guid":{"rendered":"https:\/\/fundacionanimalshelterstandards.org\/?page_id=543"},"modified":"2025-08-26T23:15:39","modified_gmt":"2025-08-26T23:15:39","slug":"mision","status":"publish","type":"page","link":"https:\/\/fundacionanimalshelterstandards.org\/index.php\/mision\/","title":{"rendered":"Misi\u00f3n"},"content":{"rendered":"<p>[vc_row][vc_column][vc_column_text]<\/p>\n<h2 style=\"text-align: center;\">Nuestro Compromiso<\/h2>\n<p>Nuestra misi\u00f3n es catalizar la transformaci\u00f3n del sector de los centros de protecci\u00f3n animal en Espa\u00f1a, promoviendo una gesti\u00f3n \u00e9tica que garantice el bienestar de los animales durante su estancia temporal y acelere su camino hacia un hogar responsable.<\/p>\n<p>Para lograrlo, nos dedicamos a elevar los est\u00e1ndares a trav\u00e9s de la investigaci\u00f3n cient\u00edfica, la formaci\u00f3n especializada, la adaptaci\u00f3n de buenas pr\u00e1cticas y el soporte t\u00e9cnico especializado a las autoridades competentes.<\/p>\n<p>Impulsamos un enfoque profesionalizado, fundamentado en sistemas de vigilancia y trazabilidad, que prioriza las necesidades etol\u00f3gicas de cada animal acogido para una gesti\u00f3n eficiente y transparente.[\/vc_column_text][\/vc_column][\/vc_row]<\/p>\n","protected":false},"excerpt":{"rendered":"<p>[vc_row][vc_column][vc_column_text] Nuestro Compromiso Nuestra misi\u00f3n es catalizar la transformaci\u00f3n del sector de los centros de protecci\u00f3n animal en Espa\u00f1a, promoviendo una gesti\u00f3n \u00e9tica que garantice el bienestar de los animales&hellip;<\/p>\n","protected":false},"author":1,"featured_media":0,"parent":0,"menu_order":0,"comment_status":"closed","ping_status":"closed","template":"","meta":{"_vp_format_video_url":"","_vp_image_focal_point":[],"footnotes":""},"class_list":["post-543","page","type-page","status-publish","hentry"],"aioseo_notices":[],"_links":{"self":[{"href":"https:\/\/fundacionanimalshelterstandards.org\/index.php\/wp-json\/wp\/v2\/pages\/543","targetHints":{"allow":["GET"]}}],"collection":[{"href":"https:\/\/fundacionanimalshelterstandards.org\/index.php\/wp-json\/wp\/v2\/pages"}],"about":[{"href":"https:\/\/fundacionanimalshelterstandards.org\/index.php\/wp-json\/wp\/v2\/types\/page"}],"author":[{"embeddable":true,"href":"https:\/\/fundacionanimalshelterstandards.org\/index.php\/wp-json\/wp\/v2\/users\/1"}],"replies":[{"embeddable":true,"href":"https:\/\/fundacionanimalshelterstandards.org\/index.php\/wp-json\/wp\/v2\/comments?post=543"}],"version-history":[{"count":5,"href":"https:\/\/fundacionanimalshelterstandards.org\/index.php\/wp-json\/wp\/v2\/pages\/543\/revisions"}],"predecessor-version":[{"id":577,"href":"https:\/\/fundacionanimalshelterstandards.org\/index.php\/wp-json\/wp\/v2\/pages\/543\/revisions\/577"}],"wp:attachment":[{"href":"https:\/\/fundacionanimalshelterstandards.org\/index.php\/wp-json\/wp\/v2\/media?parent=543"}],"curies":[{"name":"wp","href":"https:\/\/api.w.org\/{rel}","templated":true}]}}