{"id":549,"date":"2025-08-26T21:57:34","date_gmt":"2025-08-26T21:57:34","guid":{"rendered":"https:\/\/fundacionanimalshelterstandards.org\/?page_id=549"},"modified":"2025-08-26T22:17:15","modified_gmt":"2025-08-26T22:17:15","slug":"metodo","status":"publish","type":"page","link":"https:\/\/fundacionanimalshelterstandards.org\/index.php\/metodo\/","title":{"rendered":"M\u00e9todo"},"content":{"rendered":"<p>[vc_row][vc_column][vc_column_text]<\/p>\n<h2 style=\"text-align: center;\">Nuestro M\u00e9todo: El Camino Hacia la Transformaci\u00f3n<\/h2>\n<h4>Diagn\u00f3stico Basado en Evidencia<\/h4>\n<p>Partimos de la realidad. A trav\u00e9s de nuestro Observatorio y mediante estudios de datos a gran escala, transformamos la incertidumbre en un diagn\u00f3stico objetivo.<\/p>\n<p>Creamos la base de evidencia que necesitas para entender los problemas reales y tomar decisiones estrat\u00e9gicas con certeza.<\/p>\n<h4>Herramientas para la Mejora Continua<\/h4>\n<p>No nos quedamos en la teor\u00eda. Convertimos los datos en soluciones pr\u00e1cticas y accionables: te proporcionamos manuales de buenas pr\u00e1cticas, protocolos de gesti\u00f3n, formaci\u00f3n especializada y asesoramiento t\u00e9cnico para que implementes mejoras tangibles y sostenibles en tu organizaci\u00f3n.<\/p>\n<h4>Impulsando un Ecosistema de Excelencia<\/h4>\n<p>Creemos en el poder de la colaboraci\u00f3n. Creamos una red de apoyo conectando a los mejores profesionales del sector. Fomentamos el networking y abogamos por la profesionalizaci\u00f3n para elevar conjuntamente los est\u00e1ndares de bienestar animal y asegurar un impacto sist\u00e9mico.[\/vc_column_text][\/vc_column][\/vc_row]<\/p>\n","protected":false},"excerpt":{"rendered":"<p>[vc_row][vc_column][vc_column_text] Nuestro M\u00e9todo: El Camino Hacia la Transformaci\u00f3n Diagn\u00f3stico Basado en Evidencia Partimos de la realidad. A trav\u00e9s de nuestro Observatorio y mediante estudios de datos a gran escala, transformamos&hellip;<\/p>\n","protected":false},"author":1,"featured_media":0,"parent":0,"menu_order":0,"comment_status":"closed","ping_status":"closed","template":"","meta":{"_vp_format_video_url":"","_vp_image_focal_point":[],"footnotes":""},"class_list":["post-549","page","type-page","status-publish","hentry"],"aioseo_notices":[],"_links":{"self":[{"href":"https:\/\/fundacionanimalshelterstandards.org\/index.php\/wp-json\/wp\/v2\/pages\/549","targetHints":{"allow":["GET"]}}],"collection":[{"href":"https:\/\/fundacionanimalshelterstandards.org\/index.php\/wp-json\/wp\/v2\/pages"}],"about":[{"href":"https:\/\/fundacionanimalshelterstandards.org\/index.php\/wp-json\/wp\/v2\/types\/page"}],"author":[{"embeddable":true,"href":"https:\/\/fundacionanimalshelterstandards.org\/index.php\/wp-json\/wp\/v2\/users\/1"}],"replies":[{"embeddable":true,"href":"https:\/\/fundacionanimalshelterstandards.org\/index.php\/wp-json\/wp\/v2\/comments?post=549"}],"version-history":[{"count":2,"href":"https:\/\/fundacionanimalshelterstandards.org\/index.php\/wp-json\/wp\/v2\/pages\/549\/revisions"}],"predecessor-version":[{"id":559,"href":"https:\/\/fundacionanimalshelterstandards.org\/index.php\/wp-json\/wp\/v2\/pages\/549\/revisions\/559"}],"wp:attachment":[{"href":"https:\/\/fundacionanimalshelterstandards.org\/index.php\/wp-json\/wp\/v2\/media?parent=549"}],"curies":[{"name":"wp","href":"https:\/\/api.w.org\/{rel}","templated":true}]}}