{"id":572,"date":"2025-08-26T23:09:44","date_gmt":"2025-08-26T23:09:44","guid":{"rendered":"https:\/\/fundacionanimalshelterstandards.org\/?page_id=572"},"modified":"2025-08-26T23:16:51","modified_gmt":"2025-08-26T23:16:51","slug":"vision","status":"publish","type":"page","link":"https:\/\/fundacionanimalshelterstandards.org\/index.php\/vision\/","title":{"rendered":"Visi\u00f3n"},"content":{"rendered":"<p>[vc_row][vc_column][vc_column_text]<\/p>\n<h2 style=\"text-align: center;\">El Futuro que Impulsamos<\/h2>\n<p>Imaginamos un futuro donde la colaboraci\u00f3n sin\u00e9rgica entre pol\u00edticas sociales, la comunidad, las entidades de protecci\u00f3n animal, la administraci\u00f3n p\u00fablica y los centros asegure que todos los animales tengan una vida digna, transformando la respuesta al abandono mediante una gesti\u00f3n ejemplar y consolidando un modelo de sacrificio cero \u00e9tico. En colaboraci\u00f3n con los mejores profesionales del sector, trabajamos para ser el motor de este cambio integral y permanente para el bienestar animal en todo el pa\u00eds.[\/vc_column_text][\/vc_column][\/vc_row]<\/p>\n","protected":false},"excerpt":{"rendered":"<p>[vc_row][vc_column][vc_column_text] El Futuro que Impulsamos Imaginamos un futuro donde la colaboraci\u00f3n sin\u00e9rgica entre pol\u00edticas sociales, la comunidad, las entidades de protecci\u00f3n animal, la administraci\u00f3n p\u00fablica y los centros asegure que&hellip;<\/p>\n","protected":false},"author":1,"featured_media":0,"parent":0,"menu_order":0,"comment_status":"closed","ping_status":"closed","template":"","meta":{"_vp_format_video_url":"","_vp_image_focal_point":[],"footnotes":""},"class_list":["post-572","page","type-page","status-publish","hentry"],"aioseo_notices":[],"_links":{"self":[{"href":"https:\/\/fundacionanimalshelterstandards.org\/index.php\/wp-json\/wp\/v2\/pages\/572","targetHints":{"allow":["GET"]}}],"collection":[{"href":"https:\/\/fundacionanimalshelterstandards.org\/index.php\/wp-json\/wp\/v2\/pages"}],"about":[{"href":"https:\/\/fundacionanimalshelterstandards.org\/index.php\/wp-json\/wp\/v2\/types\/page"}],"author":[{"embeddable":true,"href":"https:\/\/fundacionanimalshelterstandards.org\/index.php\/wp-json\/wp\/v2\/users\/1"}],"replies":[{"embeddable":true,"href":"https:\/\/fundacionanimalshelterstandards.org\/index.php\/wp-json\/wp\/v2\/comments?post=572"}],"version-history":[{"count":2,"href":"https:\/\/fundacionanimalshelterstandards.org\/index.php\/wp-json\/wp\/v2\/pages\/572\/revisions"}],"predecessor-version":[{"id":576,"href":"https:\/\/fundacionanimalshelterstandards.org\/index.php\/wp-json\/wp\/v2\/pages\/572\/revisions\/576"}],"wp:attachment":[{"href":"https:\/\/fundacionanimalshelterstandards.org\/index.php\/wp-json\/wp\/v2\/media?parent=572"}],"curies":[{"name":"wp","href":"https:\/\/api.w.org\/{rel}","templated":true}]}}